{"id":2,"date":"2018-11-17T22:12:08","date_gmt":"2018-11-17T22:12:08","guid":{"rendered":"http:\/\/ayana.ro\/?page_id=2"},"modified":"2018-11-17T20:11:58","modified_gmt":"2018-11-17T20:11:58","slug":"sample-page","status":"publish","type":"page","link":"https:\/\/ayana.ro\/index.php\/sample-page\/","title":{"rendered":"Despre&#8230;"},"content":{"rendered":"<p>Salut! Eu sunt Ayana \u0219i m\u0103 voi dedica acestui blog, scriind tot felul de re\u021bete interesante. Aceste re\u021bete vor fi foarte u\u0219or de preparat \u0219i accesibile. Voi publica pe acest blog aproape zilnic, a\u0219a c\u0103 nu uita\u021bi s\u0103 intra\u021bi \u00een fiecare zi s\u0103 v\u0103 uita\u021bi dac\u0103 am postat ceva nou.<\/p>\n<p>V\u0103 rog, s\u0103 nu ezita\u0219i s\u0103-mi scrie\u021bi un comentariu \u0219i chiar s\u0103 m\u0103 contacta\u021bi dac\u0103 e nevoie! Da\u021bi-mi \u0219i c\u00e2te un feedback la fiecare postare!<\/p>\n<p>Sper s\u0103 v\u0103 plac\u0103 acest blog \u0219i v\u0103 mul\u021bumesc c\u0103 m\u0103 urm\u0103ri\u021bi!<\/p>\n","protected":false},"excerpt":{"rendered":"<p>Salut! Eu sunt Ayana \u0219i m\u0103 voi dedica acestui blog, scriind tot felul de re\u021bete interesante. Aceste re\u021bete vor fi foarte u\u0219or de preparat \u0219i accesibile. Voi publica pe acest&#8230; <a class=\"read-more\" href=\"https:\/\/ayana.ro\/index.php\/sample-page\/\">[Continu\u0103 lectura]<\/a><\/p>\n","protected":false},"author":1,"featured_media":0,"parent":0,"menu_order":0,"comment_status":"closed","ping_status":"open","template":"","meta":[],"yoast_head":"<!-- This site is optimized with the Yoast SEO plugin v15.2.1 - https:\/\/yoast.com\/wordpress\/plugins\/seo\/ -->\n<title>Despre... - Ayana&#039;s Diary<\/title>\n<meta name=\"robots\" content=\"index, follow, max-snippet:-1, max-image-preview:large, max-video-preview:-1\" \/>\n<link rel=\"canonical\" href=\"https:\/\/ayana.ro\/index.php\/sample-page\/\" \/>\n<meta property=\"og:locale\" content=\"ro_RO\" \/>\n<meta property=\"og:type\" content=\"article\" \/>\n<meta property=\"og:title\" content=\"Despre... - Ayana&#039;s Diary\" \/>\n<meta property=\"og:description\" content=\"Salut! Eu sunt Ayana \u0219i m\u0103 voi dedica acestui blog, scriind tot felul de re\u021bete interesante. Aceste re\u021bete vor fi foarte u\u0219or de preparat \u0219i accesibile. Voi publica pe acest... [Continu\u0103 lectura]\" \/>\n<meta property=\"og:url\" content=\"https:\/\/ayana.ro\/index.php\/sample-page\/\" \/>\n<meta property=\"og:site_name\" content=\"Ayana&#039;s Diary\" \/>\n<meta property=\"article:modified_time\" content=\"2018-11-17T20:11:58+00:00\" \/>\n<meta name=\"twitter:card\" content=\"summary_large_image\" \/>\n<meta name=\"twitter:label1\" content=\"Scris de\">\n\t<meta name=\"twitter:data1\" content=\"Ayana Nistor\">\n\t<meta name=\"twitter:label2\" content=\"Timp estimat pentru citire\">\n\t<meta name=\"twitter:data2\" content=\"0 minute\">\n<script type=\"application\/ld+json\" class=\"yoast-schema-graph\">{\"@context\":\"https:\/\/schema.org\",\"@graph\":[{\"@type\":\"WebSite\",\"@id\":\"https:\/\/ayana.ro\/#website\",\"url\":\"https:\/\/ayana.ro\/\",\"name\":\"Ayana&#039;s Diary\",\"description\":\"Face\\u021bi tot ce fac \\u0219i eu\",\"potentialAction\":[{\"@type\":\"SearchAction\",\"target\":\"https:\/\/ayana.ro\/?s={search_term_string}\",\"query-input\":\"required name=search_term_string\"}],\"inLanguage\":\"ro-RO\"},{\"@type\":\"WebPage\",\"@id\":\"https:\/\/ayana.ro\/index.php\/sample-page\/#webpage\",\"url\":\"https:\/\/ayana.ro\/index.php\/sample-page\/\",\"name\":\"Despre... - Ayana&#039;s Diary\",\"isPartOf\":{\"@id\":\"https:\/\/ayana.ro\/#website\"},\"datePublished\":\"2018-11-17T22:12:08+00:00\",\"dateModified\":\"2018-11-17T20:11:58+00:00\",\"inLanguage\":\"ro-RO\",\"potentialAction\":[{\"@type\":\"ReadAction\",\"target\":[\"https:\/\/ayana.ro\/index.php\/sample-page\/\"]}]}]}<\/script>\n<!-- \/ Yoast SEO plugin. -->","_links":{"self":[{"href":"https:\/\/ayana.ro\/index.php\/wp-json\/wp\/v2\/pages\/2"}],"collection":[{"href":"https:\/\/ayana.ro\/index.php\/wp-json\/wp\/v2\/pages"}],"about":[{"href":"https:\/\/ayana.ro\/index.php\/wp-json\/wp\/v2\/types\/page"}],"author":[{"embeddable":true,"href":"https:\/\/ayana.ro\/index.php\/wp-json\/wp\/v2\/users\/1"}],"replies":[{"embeddable":true,"href":"https:\/\/ayana.ro\/index.php\/wp-json\/wp\/v2\/comments?post=2"}],"version-history":[{"count":2,"href":"https:\/\/ayana.ro\/index.php\/wp-json\/wp\/v2\/pages\/2\/revisions"}],"predecessor-version":[{"id":55,"href":"https:\/\/ayana.ro\/index.php\/wp-json\/wp\/v2\/pages\/2\/revisions\/55"}],"wp:attachment":[{"href":"https:\/\/ayana.ro\/index.php\/wp-json\/wp\/v2\/media?parent=2"}],"curies":[{"name":"wp","href":"https:\/\/api.w.org\/{rel}","templated":true}]}}